{"id":203,"date":"2020-03-27T01:06:39","date_gmt":"2020-03-27T01:06:39","guid":{"rendered":"https:\/\/d-themes.com\/wordpress\/molla\/dummy\/furniture1\/?page_id=203"},"modified":"2025-02-13T20:22:15","modified_gmt":"2025-02-13T19:22:15","slug":"about-01","status":"publish","type":"page","link":"https:\/\/coming.bazartdelala.ch\/?page_id=203","title":{"rendered":"About 01"},"content":{"rendered":"\t\t<div data-elementor-type=\"wp-page\" data-elementor-id=\"203\" class=\"elementor elementor-203\">\n\t\t\t\t\t\t<div class=\"elementor-section elementor-top-section elementor-element elementor-element-0561fe1 top-banner mb-6 elementor-section-boxed elementor-section-height-default elementor-section-height-default\" data-id=\"0561fe1\" data-element_type=\"section\">\r\n\t\t\t\t\t\t<div class=\"elementor-container elementor-column-gap-default\">\r\n\t\t\t\t\t\t\t\t\r\n\t\t\t\t\r\n\t\t\t\t\t\t\t\t<div class=\"elementor-column elementor-col-100 elementor-top-column elementor-element elementor-element-75ea597\" data-id=\"75ea597\" data-element_type=\"column\">\n\t\t\t<div class=\"elementor-widget-wrap elementor-element-populated\">\n\t\t\t\t\t\t<section class=\"background-image-none background-color-none elementor-section elementor-inner-section elementor-element elementor-element-dd4edf5 elementor-section-boxed elementor-section-height-default elementor-section-height-default\" data-id=\"dd4edf5\" data-element_type=\"section\" data-settings=\"{&quot;background_background&quot;:&quot;classic&quot;}\">\r\n\t\t\t\t\t\t<div class=\"elementor-container banner elementor-column-gap-no\">\r\n\t\t\t\t\t\t\t\t\t\t\t\t\t\t\t\t\t\t\t\t\t\t\t\t\t\t\t\t\t<figure class=\"banner-img\">\r\n\t\t\t\t\t\t\t<img decoding=\"async\" src=\"https:\/\/d-themes.com\/wordpress\/molla\/dummy\/wp-content\/uploads\/sites\/2\/2020\/04\/about-header-bg.jpg\" title=\"\" alt=\"\" loading=\"lazy\" \/>\t\t\t\t\t\t<\/figure>\r\n\t\t\t\t\t\t\t\t\t\r\n\t\t\t\t\r\n\t\t\t\t\t\t\t\t<div class=\"banner-content elementor-column elementor-col-100 elementor-inner-column elementor-element elementor-element-87a2d29\" data-id=\"87a2d29\" data-element_type=\"column\">\n\t\t\t<div class=\"molla-elementor-column-wrap t-x-center t-y-center elementor-widget-wrap elementor-element-populated\">\n\t\t\t\t\t\t<div class=\"elementor-element elementor-element-af9364e heading-title mb-0 elementor-widget elementor-widget-heading\" data-id=\"af9364e\" data-element_type=\"widget\" data-widget_type=\"heading.default\">\n\t\t\t\t<div class=\"elementor-widget-container\">\n\t\t\t\t\t<h2 class=\"elementor-heading-title elementor-size-default\">A propos<\/h2>\t\t\t\t<\/div>\n\t\t\t\t<\/div>\n\t\t\t\t<div class=\"elementor-element elementor-element-2c25740 heading-subtitle elementor-widget elementor-widget-heading\" data-id=\"2c25740\" data-element_type=\"widget\" data-widget_type=\"heading.default\">\n\t\t\t\t<div class=\"elementor-widget-container\">\n\t\t\t\t\t<h4 class=\"elementor-heading-title elementor-size-default\">Qui nous sommes\n\n<\/h4>\t\t\t\t<\/div>\n\t\t\t\t<\/div>\n\t\t\t\t\t<\/div>\n\t\t<\/div>\n\t\t\r\n\t\t\t\t\t\t\t\t\t\t<\/div>\r\n\t\t<\/section>\r\n\t\t\t\t\t<\/div>\n\t\t<\/div>\n\t\t\r\n\t\t\t\t\t\t\t\t\t\t<\/div>\r\n\t\t<\/div>\r\n\t\t\t\t<section class=\"elementor-section elementor-top-section elementor-element elementor-element-fb4f334 elementor-section-boxed elementor-section-height-default elementor-section-height-default elementor-invisible\" data-id=\"fb4f334\" data-element_type=\"section\" data-settings=\"{&quot;animation&quot;:&quot;fadeInUp&quot;}\">\r\n\t\t\t\t\t\t<div class=\"elementor-container elementor-column-gap-default\">\r\n\t\t\t\t\t\t\t\t\r\n\t\t\t\t\r\n\t\t\t\t\t\t\t\t<div class=\"elementor-column elementor-col-50 elementor-top-column elementor-element elementor-element-8efc83f\" data-id=\"8efc83f\" data-element_type=\"column\">\n\t\t\t<div class=\"elementor-widget-wrap elementor-element-populated\">\n\t\t\t\t\t\t<div class=\"elementor-element elementor-element-a2cb4f8 mb-0 elementor-widget elementor-widget-heading\" data-id=\"a2cb4f8\" data-element_type=\"widget\" data-widget_type=\"heading.default\">\n\t\t\t\t<div class=\"elementor-widget-container\">\n\t\t\t\t\t<h2 class=\"elementor-heading-title elementor-size-default\">Notre vision :<\/h2>\t\t\t\t<\/div>\n\t\t\t\t<\/div>\n\t\t\t\t<div class=\"elementor-element elementor-element-a4b39bb elementor-widget elementor-widget-heading\" data-id=\"a4b39bb\" data-element_type=\"widget\" data-widget_type=\"heading.default\">\n\t\t\t\t<div class=\"elementor-widget-container\">\n\t\t\t\t\t<p class=\"elementor-heading-title elementor-size-default\">Nous r\u00eavons d'un monde o\u00f9 chaque artisan est reconnu et valoris\u00e9 pour son savoir-faire unique.\n<br>Nous aspirons \u00e9galement \u00e0 une misson forte qui est de travailler avec les femmes pour les femmes. <br>Notre approche met en avant une double dynamique:\n<br>Collaborer avec des femmes talentueuses pour valoriser leur travail sur la confection de tapisserie, la cr\u00e9ation de sacs,..\n<br>Oeuvrer pour autonomisation sociale et \u00e9conomique.\n<\/p>\t\t\t\t<\/div>\n\t\t\t\t<\/div>\n\t\t\t\t\t<\/div>\n\t\t<\/div>\n\t\t\t\t<div class=\"elementor-column elementor-col-50 elementor-top-column elementor-element elementor-element-eb6fab3\" data-id=\"eb6fab3\" data-element_type=\"column\">\n\t\t\t<div class=\"elementor-widget-wrap elementor-element-populated\">\n\t\t\t\t\t\t<div class=\"elementor-element elementor-element-77c38cc mb-0 elementor-widget elementor-widget-heading\" data-id=\"77c38cc\" data-element_type=\"widget\" data-widget_type=\"heading.default\">\n\t\t\t\t<div class=\"elementor-widget-container\">\n\t\t\t\t\t<h2 class=\"elementor-heading-title elementor-size-default\">Notre mission  :<\/h2>\t\t\t\t<\/div>\n\t\t\t\t<\/div>\n\t\t\t\t<div class=\"elementor-element elementor-element-cdef4f0 elementor-widget elementor-widget-heading\" data-id=\"cdef4f0\" data-element_type=\"widget\" data-widget_type=\"heading.default\">\n\t\t\t\t<div class=\"elementor-widget-container\">\n\t\t\t\t\t<p class=\"elementor-heading-title elementor-size-default\">Soutenir les artisans marocains : En offrant une vitrine internationale \u00e0 leurs cr\u00e9ations,\nnous contribuons \u00e0 leur d\u00e9veloppement \u00e9conomique et \u00e0 la pr\u00e9servation de leurs m\u00e9tiers.\n<br>Promouvoir l'artisanat authentique : <br>Nous nous engageons \u00e0 offrir des produits de\nhaute qualit\u00e9, fabriqu\u00e9s \u00e0 la main avec des techniques traditionnelles.\n<br>Inspirer et \u00e9duquer : \u00c0 travers notre blog et nos contenus, nous partageons l'histoire et\nla culture de l'artisanat marocain, inspirant nos clients \u00e0 appr\u00e9cier et \u00e0 int\u00e9grer ces \u0153uvres\nd'art dans leur vie quotidienne.\n\n<\/p>\t\t\t\t<\/div>\n\t\t\t\t<\/div>\n\t\t\t\t\t<\/div>\n\t\t<\/div>\n\t\t\r\n\t\t\t\t\t\t\t\t\t\t<\/div>\r\n\t\t<\/section>\r\n\t\t\t\t<section class=\"elementor-section elementor-top-section elementor-element elementor-element-b5629f4 pt-10 pb-10 elementor-section-boxed elementor-section-height-default elementor-section-height-default\" data-id=\"b5629f4\" data-element_type=\"section\" id=\"about-01-who-we-are\" data-settings=\"{&quot;background_background&quot;:&quot;classic&quot;}\">\r\n\t\t\t\t\t\t<div class=\"elementor-container elementor-column-gap-default\">\r\n\t\t\t\t\t\t\t\t\r\n\t\t\t\t\r\n\t\t\t\t\t\t\t\t<div class=\"elementor-column elementor-col-50 elementor-top-column elementor-element elementor-element-9018283 elementor-invisible\" data-id=\"9018283\" data-element_type=\"column\" data-settings=\"{&quot;animation&quot;:&quot;fadeInLeft&quot;}\">\n\t\t\t<div class=\"elementor-widget-wrap elementor-element-populated\">\n\t\t\t\t\t\t<div class=\"elementor-element elementor-element-c27409f mb-0 elementor-widget elementor-widget-heading\" data-id=\"c27409f\" data-element_type=\"widget\" data-widget_type=\"heading.default\">\n\t\t\t\t<div class=\"elementor-widget-container\">\n\t\t\t\t\t<h2 class=\"elementor-heading-title elementor-size-default\">Notre Histoire<\/h2>\t\t\t\t<\/div>\n\t\t\t\t<\/div>\n\t\t\t\t<div class=\"elementor-element elementor-element-be29a92 mb-4 elementor-widget elementor-widget-heading\" data-id=\"be29a92\" data-element_type=\"widget\" data-widget_type=\"heading.default\">\n\t\t\t\t<div class=\"elementor-widget-container\">\n\t\t\t\t\t<p class=\"elementor-heading-title elementor-size-default\">BazartDeLala a \u00e9t\u00e9 fond\u00e9 par Mouna El Idrissi , une Suisse d'origine marocaine passionn\u00e9e de sa double culture, et du m\u00e9lange du moderne\/traditionnel. Apr\u00e8s des rencontres inspirantes\navec des artisans locaux et les visites de dif\u00e9rentes coop\u00e9ratices dont BIO5 et des discussions avec des femmes talentueuses et inspirantes, Mouna El Idrissi a d\u00e9cid\u00e9 de se lancer dans cette folle aventure artistiaue et cr\u00e9er une plateforme pour partager ces tr\u00e9sors avec le reste du monde.\n<\/p>\t\t\t\t<\/div>\n\t\t\t\t<\/div>\n\t\t\t\t\t<\/div>\n\t\t<\/div>\n\t\t\t\t<div class=\"elementor-column elementor-col-50 elementor-top-column elementor-element elementor-element-990d537 elementor-invisible\" data-id=\"990d537\" data-element_type=\"column\" data-settings=\"{&quot;animation&quot;:&quot;fadeInLeft&quot;,&quot;animation_delay&quot;:200}\">\n\t\t\t<div class=\"elementor-widget-wrap elementor-element-populated\">\n\t\t\t\t\t\t<div class=\"elementor-element elementor-element-6eb4552 text-right elementor-invisible elementor-widget elementor-widget-image\" data-id=\"6eb4552\" data-element_type=\"widget\" data-settings=\"{&quot;_animation&quot;:&quot;fadeIn&quot;}\" data-widget_type=\"image.default\">\n\t\t\t\t<div class=\"elementor-widget-container\">\n\t\t\t\t\t\t\t\t\t\t\t\t\t\t\t<img decoding=\"async\" src=\"https:\/\/d-themes.com\/wordpress\/molla\/dummy\/wp-content\/uploads\/sites\/2\/2020\/04\/42_pages_aboutus.png\" title=\"\" alt=\"\" loading=\"lazy\" \/>\t\t\t\t\t\t\t\t\t\t\t\t\t\t\t<\/div>\n\t\t\t\t<\/div>\n\t\t\t\t\t<\/div>\n\t\t<\/div>\n\t\t\r\n\t\t\t\t\t\t\t\t\t\t<\/div>\r\n\t\t<\/section>\r\n\t\t\t\t<div class=\"elementor-section elementor-top-section elementor-element elementor-element-5db4df2 elementor-section-boxed elementor-section-height-default elementor-section-height-default\" data-id=\"5db4df2\" data-element_type=\"section\" id=\"about-01-about-our-brands\">\r\n\t\t\t\t\t\t<div class=\"elementor-container elementor-column-gap-default\">\r\n\t\t\t\t\t\t\t\t\r\n\t\t\t\t\r\n\t\t\t\t\t\t\t\t<div class=\"elementor-column elementor-col-100 elementor-top-column elementor-element elementor-element-fc5a5d6\" data-id=\"fc5a5d6\" data-element_type=\"column\">\n\t\t\t<div class=\"elementor-widget-wrap elementor-element-populated\">\n\t\t\t\t\t\t<section class=\"elementor-section elementor-inner-section elementor-element elementor-element-2842b82 mb-8 elementor-section-boxed elementor-section-height-default elementor-section-height-default\" data-id=\"2842b82\" data-element_type=\"section\">\r\n\t\t\t\t\t\t<div class=\"elementor-container elementor-column-gap-default\">\r\n\t\t\t\t\t\t\t\t\r\n\t\t\t\t\r\n\t\t\t\t\t\t\t\t<div class=\"elementor-column elementor-col-50 elementor-inner-column elementor-element elementor-element-5000c0a elementor-invisible\" data-id=\"5000c0a\" data-element_type=\"column\" data-settings=\"{&quot;animation&quot;:&quot;fadeInLeft&quot;}\">\n\t\t\t<div class=\"elementor-widget-wrap elementor-element-populated\">\n\t\t\t\t\t\t<div class=\"elementor-element elementor-element-675341d elementor-widget elementor-widget-image\" data-id=\"675341d\" data-element_type=\"widget\" data-widget_type=\"image.default\">\n\t\t\t\t<div class=\"elementor-widget-container\">\n\t\t\t\t\t\t\t\t\t\t\t\t\t\t\t<img fetchpriority=\"high\" decoding=\"async\" width=\"688\" height=\"1024\" src=\"https:\/\/coming.bazartdelala.ch\/wp-content\/uploads\/2025\/01\/undefined_image-1.png\" class=\"attachment-large size-large wp-image-6640\" alt=\"\" srcset=\"https:\/\/coming.bazartdelala.ch\/wp-content\/uploads\/2025\/01\/undefined_image-1.png 688w, https:\/\/coming.bazartdelala.ch\/wp-content\/uploads\/2025\/01\/undefined_image-1-202x300.png 202w, https:\/\/coming.bazartdelala.ch\/wp-content\/uploads\/2025\/01\/undefined_image-1-600x893.png 600w\" sizes=\"(max-width: 688px) 100vw, 688px\" \/>\t\t\t\t\t\t\t\t\t\t\t\t\t\t\t<\/div>\n\t\t\t\t<\/div>\n\t\t\t\t\t<\/div>\n\t\t<\/div>\n\t\t\t\t<div class=\"elementor-column elementor-col-50 elementor-inner-column elementor-element elementor-element-28e7c96 elementor-invisible\" data-id=\"28e7c96\" data-element_type=\"column\" data-settings=\"{&quot;animation&quot;:&quot;fadeInLeft&quot;,&quot;animation_delay&quot;:200}\">\n\t\t\t<div class=\"elementor-widget-wrap elementor-element-populated\">\n\t\t\t\t\t\t<div class=\"elementor-element elementor-element-fed7651 mb-0 elementor-widget elementor-widget-heading\" data-id=\"fed7651\" data-element_type=\"widget\" data-widget_type=\"heading.default\">\n\t\t\t\t<div class=\"elementor-widget-container\">\n\t\t\t\t\t<h2 class=\"elementor-heading-title elementor-size-default\">Nos Valeurs :<\/h2>\t\t\t\t<\/div>\n\t\t\t\t<\/div>\n\t\t\t\t<div class=\"elementor-element elementor-element-bef61df elementor-icon-list--layout-traditional elementor-list-item-link-full_width elementor-widget elementor-widget-icon-list\" data-id=\"bef61df\" data-element_type=\"widget\" data-widget_type=\"icon-list.default\">\n\t\t\t\t<div class=\"elementor-widget-container\">\n\t\t\t\t\t\t\t<ul class=\"elementor-icon-list-items\">\n\t\t\t\t\t\t\t<li class=\"elementor-icon-list-item\">\n\t\t\t\t\t\t\t\t\t\t\t<span class=\"elementor-icon-list-icon\">\n\t\t\t\t\t\t\t<svg aria-hidden=\"true\" class=\"e-font-icon-svg e-fas-check\" viewBox=\"0 0 512 512\" xmlns=\"http:\/\/www.w3.org\/2000\/svg\"><path d=\"M173.898 439.404l-166.4-166.4c-9.997-9.997-9.997-26.206 0-36.204l36.203-36.204c9.997-9.998 26.207-9.998 36.204 0L192 312.69 432.095 72.596c9.997-9.997 26.207-9.997 36.204 0l36.203 36.204c9.997 9.997 9.997 26.206 0 36.204l-294.4 294.401c-9.998 9.997-26.207 9.997-36.204-.001z\"><\/path><\/svg>\t\t\t\t\t\t<\/span>\n\t\t\t\t\t\t\t\t\t\t<span class=\"elementor-icon-list-text\">Authenticit\u00e9 : Tous nos articles sont fabriqu\u00e9s \u00e0 la main avec amour par des artisans marocains, utilisant des techniques traditionnelles transmises de g\u00e9n\u00e9ration en g\u00e9n\u00e9ration.<\/span>\n\t\t\t\t\t\t\t\t\t<\/li>\n\t\t\t\t\t\t\t\t<li class=\"elementor-icon-list-item\">\n\t\t\t\t\t\t\t\t\t\t\t<span class=\"elementor-icon-list-icon\">\n\t\t\t\t\t\t\t<svg aria-hidden=\"true\" class=\"e-font-icon-svg e-fas-check\" viewBox=\"0 0 512 512\" xmlns=\"http:\/\/www.w3.org\/2000\/svg\"><path d=\"M173.898 439.404l-166.4-166.4c-9.997-9.997-9.997-26.206 0-36.204l36.203-36.204c9.997-9.998 26.207-9.998 36.204 0L192 312.69 432.095 72.596c9.997-9.997 26.207-9.997 36.204 0l36.203 36.204c9.997 9.997 9.997 26.206 0 36.204l-294.4 294.401c-9.998 9.997-26.207 9.997-36.204-.001z\"><\/path><\/svg>\t\t\t\t\t\t<\/span>\n\t\t\t\t\t\t\t\t\t\t<span class=\"elementor-icon-list-text\">Qualit\u00e9 : Nous s\u00e9lectionnons soigneusement chaque article pour garantir la meilleure qualit\u00e9 \u00e0 nos clients<\/span>\n\t\t\t\t\t\t\t\t\t<\/li>\n\t\t\t\t\t\t\t\t<li class=\"elementor-icon-list-item\">\n\t\t\t\t\t\t\t\t\t\t\t<span class=\"elementor-icon-list-icon\">\n\t\t\t\t\t\t\t<svg aria-hidden=\"true\" class=\"e-font-icon-svg e-fas-check\" viewBox=\"0 0 512 512\" xmlns=\"http:\/\/www.w3.org\/2000\/svg\"><path d=\"M173.898 439.404l-166.4-166.4c-9.997-9.997-9.997-26.206 0-36.204l36.203-36.204c9.997-9.998 26.207-9.998 36.204 0L192 312.69 432.095 72.596c9.997-9.997 26.207-9.997 36.204 0l36.203 36.204c9.997 9.997 9.997 26.206 0 36.204l-294.4 294.401c-9.998 9.997-26.207 9.997-36.204-.001z\"><\/path><\/svg>\t\t\t\t\t\t<\/span>\n\t\t\t\t\t\t\t\t\t\t<span class=\"elementor-icon-list-text\">Soutien aux Artisans et coop\u00e9ratives feminines: En achetant chez BazartDeLala, vous contribuez directement au soutien des artisans locaux et \u00e0 la pr\u00e9servation de leurs savoir-faire.<\/span>\n\t\t\t\t\t\t\t\t\t<\/li>\n\t\t\t\t\t\t<\/ul>\n\t\t\t\t\t\t<\/div>\n\t\t\t\t<\/div>\n\t\t\t\t<div class=\"elementor-element elementor-element-333121b mb-0 elementor-widget elementor-widget-heading\" data-id=\"333121b\" data-element_type=\"widget\" data-widget_type=\"heading.default\">\n\t\t\t\t<div class=\"elementor-widget-container\">\n\t\t\t\t\t<h2 class=\"elementor-heading-title elementor-size-default\">Notre \u00c9quipe :<\/h2>\t\t\t\t<\/div>\n\t\t\t\t<\/div>\n\t\t\t\t<div class=\"elementor-element elementor-element-ffaa6f4 elementor-widget elementor-widget-heading\" data-id=\"ffaa6f4\" data-element_type=\"widget\" data-widget_type=\"heading.default\">\n\t\t\t\t<div class=\"elementor-widget-container\">\n\t\t\t\t\t<p class=\"elementor-heading-title elementor-size-default\">Notre \u00e9quipe est compos\u00e9e de femmes passionn\u00e9es d'art et de culture marocaine. Nous travaillons en \u00e9troite collaboration avec les artisans et les diff\u00e9rentes coop\u00e9ratives pour vous offrir des produits uniques et de haute qualit\u00e9.<br>\nChaque membre de notre \u00e9quipe est engag\u00e9 \u00e0 vous offrir une exp\u00e9rience d'achat exceptionnelle et\npersonnalis\u00e9e.<br>\nVous pouvez nous rencontrer lors de nos pop up store que nous mettons en place plusieurs fois par an.<br>\nCes espaces \u00e9ph\u00e9m\u00e8res vous permetteront non seulement de d\u00e9couvrir nos produits  mais aussi de cr\u00e9er une relation directe avec nous.\n<\/p>\t\t\t\t<\/div>\n\t\t\t\t<\/div>\n\t\t\t\t<div class=\"elementor-element elementor-element-e2bcbfe elementor-widget elementor-widget-molla_button\" data-id=\"e2bcbfe\" data-element_type=\"widget\" data-widget_type=\"molla_button.default\">\n\t\t\t\t<div class=\"elementor-widget-container\">\n\t\t\t\t\t\t\t<div class=\"molla-button-wrapper elementor-align-left\">\r\n\t\t\t<a href=\"https:\/\/coming.bazartdelala.ch\/?page_id=207\" class=\"btn elementor-button btn-primary btn-md btn-outline icon-after\"><span >Contactez-nous<\/span><i class=\"icon icon-arrow-right\"><\/i><\/a>\t\t<\/div>\r\n\t\t\t\t\t\t<\/div>\n\t\t\t\t<\/div>\n\t\t\t\t\t<\/div>\n\t\t<\/div>\n\t\t\r\n\t\t\t\t\t\t\t\t\t\t<\/div>\r\n\t\t<\/section>\r\n\t\t\t\t\t<\/div>\n\t\t<\/div>\n\t\t\r\n\t\t\t\t\t\t\t\t\t\t<\/div>\r\n\t\t<\/div>\r\n\t\t\t\t<section class=\"elementor-section elementor-top-section elementor-element elementor-element-5f0b3a7 elementor-section-full_width mb-4 elementor-section-height-default elementor-section-height-default elementor-invisible\" data-id=\"5f0b3a7\" data-element_type=\"section\" id=\"about-01-testimonials\" data-settings=\"{&quot;background_background&quot;:&quot;classic&quot;,&quot;animation&quot;:&quot;fadeInUp&quot;}\">\r\n\t\t\t\t\t\t<div class=\"elementor-container elementor-column-gap-no\">\r\n\t\t\t\t\t\t\t\t\r\n\t\t\t\t\r\n\t\t\t\t\t\t\t\t<div class=\"elementor-column elementor-col-100 elementor-top-column elementor-element elementor-element-b6eecf9\" data-id=\"b6eecf9\" data-element_type=\"column\">\n\t\t\t<div class=\"elementor-widget-wrap elementor-element-populated\">\n\t\t\t\t\t\t<div class=\"elementor-element elementor-element-c4b0205 mb-8 elementor-widget elementor-widget-heading\" data-id=\"c4b0205\" data-element_type=\"widget\" data-widget_type=\"heading.default\">\n\t\t\t\t<div class=\"elementor-widget-container\">\n\t\t\t\t\t<h2 class=\"elementor-heading-title elementor-size-default\">Ce que les clients disent de nous<\/h2>\t\t\t\t<\/div>\n\t\t\t\t<\/div>\n\t\t\t\t<div class=\"elementor-section elementor-inner-section elementor-element elementor-element-1fb8d6d elementor-section-boxed elementor-section-height-default elementor-section-height-default\" data-id=\"1fb8d6d\" data-element_type=\"section\">\r\n\t\t\t<br \/>\n<b>Warning<\/b>:  Undefined variable $col_classes in <b>\/home\/clients\/c187cc28da6f5bc68e80d925aadc635d\/sites\/coming.bazartdelala.ch\/wp-content\/plugins\/molla-core\/elementor\/elements\/section.php<\/b> on line <b>3397<\/b><br \/>\n\t\t\t<div class=\"elementor-container owl-carousel owl-simple sp-20 elementor-column-gap-no\" data-toggle=owl data-owl-options = {&quot;margin&quot;:20,&quot;loop&quot;:false,&quot;autoplay&quot;:false,&quot;center&quot;:false,&quot;autoHeight&quot;:false,&quot;animateIn&quot;:&quot;&quot;,&quot;animateOut&quot;:&quot;&quot;}>\r\n\t\t\t\t\t\t\t\t\r\n\t\t\t\t\r\n\t\t\t\t\t\t\t\t<div class=\"elementor-column elementor-col-50 elementor-inner-column elementor-element elementor-element-d889e00\" data-id=\"d889e00\" data-element_type=\"column\">\n\t\t\t<div class=\"elementor-widget-wrap elementor-element-populated\">\n\t\t\t\t\t\t<div class=\"elementor-element elementor-element-cbc68da mb-2 elementor-widget elementor-widget-molla_testimonial\" data-id=\"cbc68da\" data-element_type=\"widget\" data-widget_type=\"molla_testimonial.default\">\n\t\t\t\t<div class=\"elementor-widget-container\">\n\t\t\t\t\t<blockquote class=\"testimonial top\"><div class=\"avatar\"><img decoding=\"async\" src=\"https:\/\/d-themes.com\/wordpress\/molla\/dummy\/wp-content\/uploads\/sites\/2\/2020\/04\/user-1.jpg\" title=\"\" alt=\"\" loading=\"lazy\" \/><\/div><p class=\"comment\">\u201c Lorem ipsum dolor sit amet, consectetuer adipiscing elit. Pellentesque aliquet nibh nec urna. In nisi neque, aliquet vel, dapibus id, mattis vel, nisi. Sed pretium, ligula sollicitudin laoreet viverra, tortor libero sodales leo, eget blandit nunc tortor eu nibh. Nullam mollis. Ut justo. Suspendisse potenti. \u201d<\/p><div class=\"commenter\"><cite><span class=\"name\">Jenson Gregory<\/span><span class=\"job\">Customer<\/span><\/cite><\/div><\/blockquote>\t\t\t\t<\/div>\n\t\t\t\t<\/div>\n\t\t\t\t\t<\/div>\n\t\t<\/div>\n\t\t\t\t<div class=\"elementor-column elementor-col-50 elementor-inner-column elementor-element elementor-element-c3be515\" data-id=\"c3be515\" data-element_type=\"column\">\n\t\t\t<div class=\"elementor-widget-wrap elementor-element-populated\">\n\t\t\t\t\t\t<div class=\"elementor-element elementor-element-99a3c42 mb-2 elementor-widget elementor-widget-molla_testimonial\" data-id=\"99a3c42\" data-element_type=\"widget\" data-widget_type=\"molla_testimonial.default\">\n\t\t\t\t<div class=\"elementor-widget-container\">\n\t\t\t\t\t<blockquote class=\"testimonial top\"><div class=\"avatar\"><img decoding=\"async\" src=\"https:\/\/d-themes.com\/wordpress\/molla\/dummy\/wp-content\/uploads\/sites\/2\/2020\/04\/user-2.jpg\" title=\"\" alt=\"\" loading=\"lazy\" \/><\/div><p class=\"comment\">\u201c Impedit, ratione sequi, sunt incidunt magnam et. Delectus obcaecati optio eius error libero perferendis nesciunt atque dolores magni recusandae! Doloremque quidem error eum quis similique doloribus natus qui ut ipsum.Velit quos ipsa exercitationem, vel unde obcaecati impedit eveniet non. \u201d<\/p><div class=\"commenter\"><cite><span class=\"name\">Victoria Ventura<\/span><span class=\"job\">Customer<\/span><\/cite><\/div><\/blockquote>\t\t\t\t<\/div>\n\t\t\t\t<\/div>\n\t\t\t\t\t<\/div>\n\t\t<\/div>\n\t\t\r\n\t\t\t\t\t\t\t\t\t\t<\/div>\r\n\t\t<\/div>\r\n\t\t\t\t\t<\/div>\n\t\t<\/div>\n\t\t\r\n\t\t\t\t\t\t\t\t\t\t<\/div>\r\n\t\t<\/section>\r\n\t\t\t\t<\/div>\n\t\t","protected":false},"excerpt":{"rendered":"<p>A propos Qui nous sommes Notre vision : Nous r\u00eavons d&rsquo;un monde o\u00f9 chaque artisan est reconnu et valoris\u00e9 pour son savoir-faire unique. Nous aspirons \u00e9galement \u00e0 une misson forte qui est de travailler avec les femmes pour les femmes. Notre approche met en avant une double dynamique: Collaborer avec des femmes talentueuses pour valoriser [&hellip;]<\/p>\n","protected":false},"author":1,"featured_media":0,"parent":0,"menu_order":0,"comment_status":"closed","ping_status":"closed","template":"page-fullwidth.php","meta":{"footnotes":""},"class_list":["post-203","page","type-page","status-publish","hentry"],"jetpack_sharing_enabled":true,"_links":{"self":[{"href":"https:\/\/coming.bazartdelala.ch\/index.php?rest_route=\/wp\/v2\/pages\/203","targetHints":{"allow":["GET"]}}],"collection":[{"href":"https:\/\/coming.bazartdelala.ch\/index.php?rest_route=\/wp\/v2\/pages"}],"about":[{"href":"https:\/\/coming.bazartdelala.ch\/index.php?rest_route=\/wp\/v2\/types\/page"}],"author":[{"embeddable":true,"href":"https:\/\/coming.bazartdelala.ch\/index.php?rest_route=\/wp\/v2\/users\/1"}],"replies":[{"embeddable":true,"href":"https:\/\/coming.bazartdelala.ch\/index.php?rest_route=%2Fwp%2Fv2%2Fcomments&post=203"}],"version-history":[{"count":51,"href":"https:\/\/coming.bazartdelala.ch\/index.php?rest_route=\/wp\/v2\/pages\/203\/revisions"}],"predecessor-version":[{"id":6845,"href":"https:\/\/coming.bazartdelala.ch\/index.php?rest_route=\/wp\/v2\/pages\/203\/revisions\/6845"}],"wp:attachment":[{"href":"https:\/\/coming.bazartdelala.ch\/index.php?rest_route=%2Fwp%2Fv2%2Fmedia&parent=203"}],"curies":[{"name":"wp","href":"https:\/\/api.w.org\/{rel}","templated":true}]}}